{"id":2907,"date":"2023-06-06T11:14:33","date_gmt":"2023-06-06T09:14:33","guid":{"rendered":"https:\/\/ultrasuoni.it\/aplicaciones-de-lavado-por-ultrasonidos\/lavado-de-tarjetas-electronicas-con-ultrasonidos\/"},"modified":"2024-05-13T17:21:03","modified_gmt":"2024-05-13T15:21:03","slug":"lavado-de-tarjetas-electronicas-con-ultrasonidos","status":"publish","type":"page","link":"https:\/\/ultrasuoni.it\/es\/aplicaciones-de-lavado-por-ultrasonidos\/lavado-de-tarjetas-electronicas-con-ultrasonidos\/","title":{"rendered":"Lavado de Tarjetas Electr\u00f3nicas con Ultrasonidos"},"content":{"rendered":"\t\t<div data-elementor-type=\"wp-page\" data-elementor-id=\"2907\" class=\"elementor elementor-2907 elementor-921\" data-elementor-post-type=\"page\">\n\t\t\t\t<div class=\"elementor-element elementor-element-35603480 e-con-full e-flex e-con e-parent\" data-id=\"35603480\" data-element_type=\"container\">\n\t\t<div class=\"elementor-element elementor-element-126bafda e-con-full animated-slow e-flex e-con e-child\" data-id=\"126bafda\" data-element_type=\"container\" data-settings=\"{&quot;animation&quot;:&quot;none&quot;}\">\n\t\t\t\t<div class=\"elementor-element elementor-element-57680518 elementor-widget__width-initial elementor-widget-tablet__width-initial elementor-widget elementor-widget-heading\" data-id=\"57680518\" data-element_type=\"widget\" data-widget_type=\"heading.default\">\n\t\t\t\t<div class=\"elementor-widget-container\">\n\t\t\t\t\t<h1 class=\"elementor-heading-title elementor-size-default\">Lavado de Tarjetas Electr\u00f3nicas con Ultrasonidos<\/h1>\t\t\t\t<\/div>\n\t\t\t\t<\/div>\n\t\t\t\t<div class=\"elementor-element elementor-element-1be30a63 elementor-widget-divider--view-line elementor-widget elementor-widget-divider\" data-id=\"1be30a63\" data-element_type=\"widget\" data-widget_type=\"divider.default\">\n\t\t\t\t<div class=\"elementor-widget-container\">\n\t\t\t\t\t\t\t<div class=\"elementor-divider\">\n\t\t\t<span class=\"elementor-divider-separator\">\n\t\t\t\t\t\t<\/span>\n\t\t<\/div>\n\t\t\t\t\t\t<\/div>\n\t\t\t\t<\/div>\n\t\t\t\t<div class=\"elementor-element elementor-element-6eefd89d elementor-widget elementor-widget-heading\" data-id=\"6eefd89d\" data-element_type=\"widget\" data-widget_type=\"heading.default\">\n\t\t\t\t<div class=\"elementor-widget-container\">\n\t\t\t\t\t<h3 class=\"elementor-heading-title elementor-size-default\">Lavado de Circuitos Impresos, Componentes electr\u00f3nicos, Fibras \u00f3pticas y Mandos<\/h3>\t\t\t\t<\/div>\n\t\t\t\t<\/div>\n\t\t\t\t<div class=\"elementor-element elementor-element-76faf1b4 elementor-widget__width-initial elementor-widget-tablet__width-inherit elementor-widget elementor-widget-text-editor\" data-id=\"76faf1b4\" data-element_type=\"widget\" data-widget_type=\"text-editor.default\">\n\t\t\t\t<div class=\"elementor-widget-container\">\n\t\t\t\t\t\t\t\t\t<p>La tecnolog\u00eda utilizada por <strong>Moroni<\/strong> en los \u00faltimos a\u00f1os ha demostrado tener una aplicaci\u00f3n preciosa para el sector electr\u00f3nico con el <strong>lavado de tarjetas electr\u00f3nicas con ultrasonidos<\/strong>. El proceso se produce mediante diversos <strong>tipos de lavadoras por ultrasonidos<\/strong>: de las cubas m\u00e1s sencillas de pocos litros hasta complejos equipos autom\u00e1ticos.<\/p>\n<p>Este tipo de lavado puede utilizarse tanto en la fase de producci\u00f3n como en la de mantenimiento, asegurando un grado de limpieza absoluto. Esto sucede porque los ultrasonidos pueden alcanzar incluso los puntos m\u00e1s inaccesibles. En algunos casos, como en la <strong>recuperaci\u00f3n de aparatos el\u00e9ctricos que se han ca\u00eddo al agua<\/strong>, un lavado con ultrasonidos en alcohol isoprop\u00edlico asegura resultados casi milagrosos.<\/p>\n<p>Los <strong>lavados por ultrasonidos de aparatos el\u00e9ctricos y componentes satelitales<\/strong> se realizan en sala blanca y siempre con personal vestido de manera adecuada.<\/p>\n<p>En especial, entre los aparatos electr\u00f3nicos y el\u00e9ctricos que se pueden lavar con la t\u00e9cnica de ultrasonidos se incluyen:<\/p>\n\t\t\t\t\t\t\t\t<\/div>\n\t\t\t\t<\/div>\n\t\t\t\t<div class=\"elementor-element elementor-element-d6a602b elementor-icon-list--layout-traditional elementor-list-item-link-full_width elementor-widget elementor-widget-icon-list\" data-id=\"d6a602b\" data-element_type=\"widget\" data-widget_type=\"icon-list.default\">\n\t\t\t\t<div class=\"elementor-widget-container\">\n\t\t\t\t\t\t\t<ul class=\"elementor-icon-list-items\">\n\t\t\t\t\t\t\t<li class=\"elementor-icon-list-item\">\n\t\t\t\t\t\t\t\t\t\t\t<span class=\"elementor-icon-list-icon\">\n\t\t\t\t\t\t\t<i aria-hidden=\"true\" class=\"fas fa-check\"><\/i>\t\t\t\t\t\t<\/span>\n\t\t\t\t\t\t\t\t\t\t<span class=\"elementor-icon-list-text\">Tarjetas despu\u00e9s de soldadura por onda;<\/span>\n\t\t\t\t\t\t\t\t\t<\/li>\n\t\t\t\t\t\t\t\t<li class=\"elementor-icon-list-item\">\n\t\t\t\t\t\t\t\t\t\t\t<span class=\"elementor-icon-list-icon\">\n\t\t\t\t\t\t\t<i aria-hidden=\"true\" class=\"fas fa-check\"><\/i>\t\t\t\t\t\t<\/span>\n\t\t\t\t\t\t\t\t\t\t<span class=\"elementor-icon-list-text\">Tarjetas despu\u00e9s de reparaci\u00f3n en fase de reacondicionamiento;<\/span>\n\t\t\t\t\t\t\t\t\t<\/li>\n\t\t\t\t\t\t\t\t<li class=\"elementor-icon-list-item\">\n\t\t\t\t\t\t\t\t\t\t\t<span class=\"elementor-icon-list-icon\">\n\t\t\t\t\t\t\t<i aria-hidden=\"true\" class=\"fas fa-check\"><\/i>\t\t\t\t\t\t<\/span>\n\t\t\t\t\t\t\t\t\t\t<span class=\"elementor-icon-list-text\">Instrumentaci\u00f3n de medida o de control en fase de producci\u00f3n o mantenimiento;<\/span>\n\t\t\t\t\t\t\t\t\t<\/li>\n\t\t\t\t\t\t\t\t<li class=\"elementor-icon-list-item\">\n\t\t\t\t\t\t\t\t\t\t\t<span class=\"elementor-icon-list-icon\">\n\t\t\t\t\t\t\t<i aria-hidden=\"true\" class=\"fas fa-check\"><\/i>\t\t\t\t\t\t<\/span>\n\t\t\t\t\t\t\t\t\t\t<span class=\"elementor-icon-list-text\">Componentes electr\u00f3nicos varios;<\/span>\n\t\t\t\t\t\t\t\t\t<\/li>\n\t\t\t\t\t\t\t\t<li class=\"elementor-icon-list-item\">\n\t\t\t\t\t\t\t\t\t\t\t<span class=\"elementor-icon-list-icon\">\n\t\t\t\t\t\t\t<i aria-hidden=\"true\" class=\"fas fa-check\"><\/i>\t\t\t\t\t\t<\/span>\n\t\t\t\t\t\t\t\t\t\t<span class=\"elementor-icon-list-text\">Obleas de silicio para la producci\u00f3n de integrados, c\u00e9lulas fotoel\u00e9ctricas;<\/span>\n\t\t\t\t\t\t\t\t\t<\/li>\n\t\t\t\t\t\t\t\t<li class=\"elementor-icon-list-item\">\n\t\t\t\t\t\t\t\t\t\t\t<span class=\"elementor-icon-list-icon\">\n\t\t\t\t\t\t\t<i aria-hidden=\"true\" class=\"fas fa-check\"><\/i>\t\t\t\t\t\t<\/span>\n\t\t\t\t\t\t\t\t\t\t<span class=\"elementor-icon-list-text\">Fibras \u00f3pticas y gu\u00edas de onda;<\/span>\n\t\t\t\t\t\t\t\t\t<\/li>\n\t\t\t\t\t\t\t\t<li class=\"elementor-icon-list-item\">\n\t\t\t\t\t\t\t\t\t\t\t<span class=\"elementor-icon-list-icon\">\n\t\t\t\t\t\t\t<i aria-hidden=\"true\" class=\"fas fa-check\"><\/i>\t\t\t\t\t\t<\/span>\n\t\t\t\t\t\t\t\t\t\t<span class=\"elementor-icon-list-text\">Sistemas de punter\u00eda;<\/span>\n\t\t\t\t\t\t\t\t\t<\/li>\n\t\t\t\t\t\t\t\t<li class=\"elementor-icon-list-item\">\n\t\t\t\t\t\t\t\t\t\t\t<span class=\"elementor-icon-list-icon\">\n\t\t\t\t\t\t\t<i aria-hidden=\"true\" class=\"fas fa-check\"><\/i>\t\t\t\t\t\t<\/span>\n\t\t\t\t\t\t\t\t\t\t<span class=\"elementor-icon-list-text\">Grupos el\u00e9ctricos de cambio en el ciclismo.<\/span>\n\t\t\t\t\t\t\t\t\t<\/li>\n\t\t\t\t\t\t<\/ul>\n\t\t\t\t\t\t<\/div>\n\t\t\t\t<\/div>\n\t\t\t\t<\/div>\n\t\t<div class=\"elementor-element elementor-element-5dded838 e-con-full animated-slow e-flex e-con e-child\" data-id=\"5dded838\" data-element_type=\"container\" data-settings=\"{&quot;animation&quot;:&quot;none&quot;}\">\n\t\t\t\t<div class=\"elementor-element elementor-element-5d4cd0e8 elementor-widget elementor-widget-gallery\" data-id=\"5d4cd0e8\" data-element_type=\"widget\" data-settings=\"{&quot;gap&quot;:{&quot;unit&quot;:&quot;px&quot;,&quot;size&quot;:11,&quot;sizes&quot;:[]},&quot;aspect_ratio&quot;:&quot;1:1&quot;,&quot;columns_tablet&quot;:3,&quot;lazyload&quot;:&quot;yes&quot;,&quot;gallery_layout&quot;:&quot;grid&quot;,&quot;columns&quot;:4,&quot;columns_mobile&quot;:1,&quot;gap_tablet&quot;:{&quot;unit&quot;:&quot;px&quot;,&quot;size&quot;:10,&quot;sizes&quot;:[]},&quot;gap_mobile&quot;:{&quot;unit&quot;:&quot;px&quot;,&quot;size&quot;:10,&quot;sizes&quot;:[]},&quot;link_to&quot;:&quot;file&quot;,&quot;overlay_background&quot;:&quot;yes&quot;,&quot;content_hover_animation&quot;:&quot;fade-in&quot;}\" data-widget_type=\"gallery.default\">\n\t\t\t\t<div class=\"elementor-widget-container\">\n\t\t\t\t\t\t\t<div class=\"elementor-gallery__container\">\n\t\t\t\t\t\t\t<a class=\"e-gallery-item elementor-gallery-item elementor-animated-content\" href=\"https:\/\/ultrasuoni.it\/wp-content\/uploads\/20081031122608_SmartGauge-1-300x121-1.jpg\" data-elementor-open-lightbox=\"yes\" data-elementor-lightbox-slideshow=\"5d4cd0e8\" data-elementor-lightbox-title=\"20081031122608_SmartGauge-1-300x121 (1)\" data-e-action-hash=\"#elementor-action%3Aaction%3Dlightbox%26settings%3DeyJpZCI6MjExMCwidXJsIjoiaHR0cHM6XC9cL3VsdHJhc3VvbmkuaXRcL3dwLWNvbnRlbnRcL3VwbG9hZHNcLzIwMDgxMDMxMTIyNjA4X1NtYXJ0R2F1Z2UtMS0zMDB4MTIxLTEuanBnIiwic2xpZGVzaG93IjoiNWQ0Y2QwZTgifQ%3D%3D\">\n\t\t\t\t\t<div class=\"e-gallery-image elementor-gallery-item__image\" data-thumbnail=\"https:\/\/ultrasuoni.it\/wp-content\/uploads\/20081031122608_SmartGauge-1-300x121-1.jpg\" data-width=\"300\" data-height=\"121\" aria-label=\"\" role=\"img\" ><\/div>\n\t\t\t\t\t\t\t\t\t\t\t<div class=\"elementor-gallery-item__overlay\"><\/div>\n\t\t\t\t\t\t\t\t\t\t\t\t\t\t<\/a>\n\t\t\t\t\t\t\t<a class=\"e-gallery-item elementor-gallery-item elementor-animated-content\" href=\"https:\/\/ultrasuoni.it\/wp-content\/uploads\/Steiner-nighthunter-extreme-torretta-300x200-1.jpg\" data-elementor-open-lightbox=\"yes\" data-elementor-lightbox-slideshow=\"5d4cd0e8\" data-elementor-lightbox-title=\"Steiner-nighthunter-extreme-torretta-300x200\" data-e-action-hash=\"#elementor-action%3Aaction%3Dlightbox%26settings%3DeyJpZCI6MjA5MiwidXJsIjoiaHR0cHM6XC9cL3VsdHJhc3VvbmkuaXRcL3dwLWNvbnRlbnRcL3VwbG9hZHNcL1N0ZWluZXItbmlnaHRodW50ZXItZXh0cmVtZS10b3JyZXR0YS0zMDB4MjAwLTEuanBnIiwic2xpZGVzaG93IjoiNWQ0Y2QwZTgifQ%3D%3D\">\n\t\t\t\t\t<div class=\"e-gallery-image elementor-gallery-item__image\" data-thumbnail=\"https:\/\/ultrasuoni.it\/wp-content\/uploads\/Steiner-nighthunter-extreme-torretta-300x200-1.jpg\" data-width=\"300\" data-height=\"200\" aria-label=\"\" role=\"img\" ><\/div>\n\t\t\t\t\t\t\t\t\t\t\t<div class=\"elementor-gallery-item__overlay\"><\/div>\n\t\t\t\t\t\t\t\t\t\t\t\t\t\t<\/a>\n\t\t\t\t\t\t\t<a class=\"e-gallery-item elementor-gallery-item elementor-animated-content\" href=\"https:\/\/ultrasuoni.it\/wp-content\/uploads\/faro-dell-automobile-60159075-300x200-1.jpg\" data-elementor-open-lightbox=\"yes\" data-elementor-lightbox-slideshow=\"5d4cd0e8\" data-elementor-lightbox-title=\"faro-dell-automobile-60159075-300x200\" data-e-action-hash=\"#elementor-action%3Aaction%3Dlightbox%26settings%3DeyJpZCI6MjA5NSwidXJsIjoiaHR0cHM6XC9cL3VsdHJhc3VvbmkuaXRcL3dwLWNvbnRlbnRcL3VwbG9hZHNcL2Zhcm8tZGVsbC1hdXRvbW9iaWxlLTYwMTU5MDc1LTMwMHgyMDAtMS5qcGciLCJzbGlkZXNob3ciOiI1ZDRjZDBlOCJ9\">\n\t\t\t\t\t<div class=\"e-gallery-image elementor-gallery-item__image\" data-thumbnail=\"https:\/\/ultrasuoni.it\/wp-content\/uploads\/faro-dell-automobile-60159075-300x200-1.jpg\" data-width=\"300\" data-height=\"200\" aria-label=\"\" role=\"img\" ><\/div>\n\t\t\t\t\t\t\t\t\t\t\t<div class=\"elementor-gallery-item__overlay\"><\/div>\n\t\t\t\t\t\t\t\t\t\t\t\t\t\t<\/a>\n\t\t\t\t\t\t\t<a class=\"e-gallery-item elementor-gallery-item elementor-animated-content\" href=\"https:\/\/ultrasuoni.it\/wp-content\/uploads\/articolo-14077-300x169-1.jpg\" data-elementor-open-lightbox=\"yes\" data-elementor-lightbox-slideshow=\"5d4cd0e8\" data-elementor-lightbox-title=\"articolo-14077-300x169\" data-e-action-hash=\"#elementor-action%3Aaction%3Dlightbox%26settings%3DeyJpZCI6MjA5OCwidXJsIjoiaHR0cHM6XC9cL3VsdHJhc3VvbmkuaXRcL3dwLWNvbnRlbnRcL3VwbG9hZHNcL2FydGljb2xvLTE0MDc3LTMwMHgxNjktMS5qcGciLCJzbGlkZXNob3ciOiI1ZDRjZDBlOCJ9\">\n\t\t\t\t\t<div class=\"e-gallery-image elementor-gallery-item__image\" data-thumbnail=\"https:\/\/ultrasuoni.it\/wp-content\/uploads\/articolo-14077-300x169-1.jpg\" data-width=\"300\" data-height=\"169\" aria-label=\"\" role=\"img\" ><\/div>\n\t\t\t\t\t\t\t\t\t\t\t<div class=\"elementor-gallery-item__overlay\"><\/div>\n\t\t\t\t\t\t\t\t\t\t\t\t\t\t<\/a>\n\t\t\t\t\t\t\t<a class=\"e-gallery-item elementor-gallery-item elementor-animated-content\" href=\"https:\/\/ultrasuoni.it\/wp-content\/uploads\/4-Silicon-Wafers-for-Power-Sem-300x207-1.jpg\" data-elementor-open-lightbox=\"yes\" data-elementor-lightbox-slideshow=\"5d4cd0e8\" data-elementor-lightbox-title=\"4-Silicon-Wafers-for-Power-Sem-300x207\" data-e-action-hash=\"#elementor-action%3Aaction%3Dlightbox%26settings%3DeyJpZCI6MjEwMSwidXJsIjoiaHR0cHM6XC9cL3VsdHJhc3VvbmkuaXRcL3dwLWNvbnRlbnRcL3VwbG9hZHNcLzQtU2lsaWNvbi1XYWZlcnMtZm9yLVBvd2VyLVNlbS0zMDB4MjA3LTEuanBnIiwic2xpZGVzaG93IjoiNWQ0Y2QwZTgifQ%3D%3D\">\n\t\t\t\t\t<div class=\"e-gallery-image elementor-gallery-item__image\" data-thumbnail=\"https:\/\/ultrasuoni.it\/wp-content\/uploads\/4-Silicon-Wafers-for-Power-Sem-300x207-1.jpg\" data-width=\"300\" data-height=\"207\" aria-label=\"\" role=\"img\" ><\/div>\n\t\t\t\t\t\t\t\t\t\t\t<div class=\"elementor-gallery-item__overlay\"><\/div>\n\t\t\t\t\t\t\t\t\t\t\t\t\t\t<\/a>\n\t\t\t\t\t\t\t<a class=\"e-gallery-item elementor-gallery-item elementor-animated-content\" href=\"https:\/\/ultrasuoni.it\/wp-content\/uploads\/2006_z_rear-der-super-record-slide2-2015-300x178-1.jpg\" data-elementor-open-lightbox=\"yes\" data-elementor-lightbox-slideshow=\"5d4cd0e8\" data-elementor-lightbox-title=\"2006_z_rear-der-super-record-slide2-2015-300x178\" data-e-action-hash=\"#elementor-action%3Aaction%3Dlightbox%26settings%3DeyJpZCI6MjEwNCwidXJsIjoiaHR0cHM6XC9cL3VsdHJhc3VvbmkuaXRcL3dwLWNvbnRlbnRcL3VwbG9hZHNcLzIwMDZfel9yZWFyLWRlci1zdXBlci1yZWNvcmQtc2xpZGUyLTIwMTUtMzAweDE3OC0xLmpwZyIsInNsaWRlc2hvdyI6IjVkNGNkMGU4In0%3D\">\n\t\t\t\t\t<div class=\"e-gallery-image elementor-gallery-item__image\" data-thumbnail=\"https:\/\/ultrasuoni.it\/wp-content\/uploads\/2006_z_rear-der-super-record-slide2-2015-300x178-1.jpg\" data-width=\"300\" data-height=\"178\" aria-label=\"\" role=\"img\" ><\/div>\n\t\t\t\t\t\t\t\t\t\t\t<div class=\"elementor-gallery-item__overlay\"><\/div>\n\t\t\t\t\t\t\t\t\t\t\t\t\t\t<\/a>\n\t\t\t\t\t\t\t<a class=\"e-gallery-item elementor-gallery-item elementor-animated-content\" href=\"https:\/\/ultrasuoni.it\/wp-content\/uploads\/Crankset_Ergopower_Potenza-300x267-1.jpg\" data-elementor-open-lightbox=\"yes\" data-elementor-lightbox-slideshow=\"5d4cd0e8\" data-elementor-lightbox-title=\"Crankset_Ergopower_Potenza-300x267\" data-e-action-hash=\"#elementor-action%3Aaction%3Dlightbox%26settings%3DeyJpZCI6MjEwNywidXJsIjoiaHR0cHM6XC9cL3VsdHJhc3VvbmkuaXRcL3dwLWNvbnRlbnRcL3VwbG9hZHNcL0NyYW5rc2V0X0VyZ29wb3dlcl9Qb3RlbnphLTMwMHgyNjctMS5qcGciLCJzbGlkZXNob3ciOiI1ZDRjZDBlOCJ9\">\n\t\t\t\t\t<div class=\"e-gallery-image elementor-gallery-item__image\" data-thumbnail=\"https:\/\/ultrasuoni.it\/wp-content\/uploads\/Crankset_Ergopower_Potenza-300x267-1.jpg\" data-width=\"300\" data-height=\"267\" aria-label=\"\" role=\"img\" ><\/div>\n\t\t\t\t\t\t\t\t\t\t\t<div class=\"elementor-gallery-item__overlay\"><\/div>\n\t\t\t\t\t\t\t\t\t\t\t\t\t\t<\/a>\n\t\t\t\t\t<\/div>\n\t\t\t\t\t<\/div>\n\t\t\t\t<\/div>\n\t\t\t\t<div class=\"elementor-element elementor-element-fe47eb9 elementor-widget__width-initial elementor-widget-tablet__width-inherit elementor-widget elementor-widget-text-editor\" data-id=\"fe47eb9\" data-element_type=\"widget\" data-widget_type=\"text-editor.default\">\n\t\t\t\t<div class=\"elementor-widget-container\">\n\t\t\t\t\t\t\t\t\tLa acci\u00f3n mec\u00e1nica de los ultrasonidos debe modularse en funci\u00f3n de la delicadeza de la pieza que tratar, variando la potencia distribuida por el <strong>generador de ultrasonidos<\/strong>. Para una mejor adaptaci\u00f3n a la consistencia de las piezas, se aconseja variar tambi\u00e9n la frecuencia (<a href=\"https:\/\/ultrasuoni.it\/es\/generadores-de-ultrasonido-moroni\/\">sweep mode<\/a>).\n\nEn el caso del <strong>lavado de aparatos y tarjetas electr\u00f3nicas<\/strong>, despu\u00e9s de la soldadura por onda, las piezas se introducen en agua y se tratan con ultrasonidos manteniendo intactos los valores diel\u00e9ctricos de aislamiento. En los casos extremos, como por ejemplo el <strong>lavado de obleas de silicio<\/strong> en la producci\u00f3n de los circuitos integrados donde el tratamiento se realiza en sala blanca (white room), los ultrasonidos tienen una funci\u00f3n casi insustituible. En estos casos, el personal encargado del lavado lleva unos monos especiales para el aislamiento absoluto.\t\t\t\t\t\t\t\t<\/div>\n\t\t\t\t<\/div>\n\t\t\t\t<div class=\"elementor-element elementor-element-147a292 elementor-widget-divider--view-line elementor-widget elementor-widget-divider\" data-id=\"147a292\" data-element_type=\"widget\" data-widget_type=\"divider.default\">\n\t\t\t\t<div class=\"elementor-widget-container\">\n\t\t\t\t\t\t\t<div class=\"elementor-divider\">\n\t\t\t<span class=\"elementor-divider-separator\">\n\t\t\t\t\t\t<\/span>\n\t\t<\/div>\n\t\t\t\t\t\t<\/div>\n\t\t\t\t<\/div>\n\t\t\t\t<div class=\"elementor-element elementor-element-87217c9 elementor-widget elementor-widget-button\" data-id=\"87217c9\" data-element_type=\"widget\" data-widget_type=\"button.default\">\n\t\t\t\t<div class=\"elementor-widget-container\">\n\t\t\t\t\t\t\t\t\t<div class=\"elementor-button-wrapper\">\n\t\t\t\t\t<a class=\"elementor-button elementor-button-link elementor-size-lg\" href=\"#contattaci\">\n\t\t\t\t\t\t<span class=\"elementor-button-content-wrapper\">\n\t\t\t\t\t\t\t\t\t<span class=\"elementor-button-text\">Cont\u00e1ctenos<\/span>\n\t\t\t\t\t<\/span>\n\t\t\t\t\t<\/a>\n\t\t\t\t<\/div>\n\t\t\t\t\t\t\t\t<\/div>\n\t\t\t\t<\/div>\n\t\t\t\t<\/div>\n\t\t\t\t<\/div>\n\t\t\t\t<\/div>\n\t\t","protected":false},"excerpt":{"rendered":"<p>Lavado de Circuitos Impresos, Componentes electr\u00f3nicos, Fibras \u00f3pticas y Mandos La tecnolog\u00eda utilizada por Moroni en los \u00faltimos a\u00f1os ha demostrado tener una aplicaci\u00f3n preciosa para el sector electr\u00f3nico con el lavado de tarjetas electr\u00f3nicas con ultrasonidos. El proceso se produce mediante diversos tipos de lavadoras por ultrasonidos: de las cubas m\u00e1s sencillas de pocos [&hellip;]<\/p>\n","protected":false},"author":1,"featured_media":0,"parent":2884,"menu_order":0,"comment_status":"closed","ping_status":"closed","template":"","meta":{"footnotes":""},"class_list":["post-2907","page","type-page","status-publish","hentry"],"_links":{"self":[{"href":"https:\/\/ultrasuoni.it\/es\/wp-json\/wp\/v2\/pages\/2907","targetHints":{"allow":["GET"]}}],"collection":[{"href":"https:\/\/ultrasuoni.it\/es\/wp-json\/wp\/v2\/pages"}],"about":[{"href":"https:\/\/ultrasuoni.it\/es\/wp-json\/wp\/v2\/types\/page"}],"author":[{"embeddable":true,"href":"https:\/\/ultrasuoni.it\/es\/wp-json\/wp\/v2\/users\/1"}],"replies":[{"embeddable":true,"href":"https:\/\/ultrasuoni.it\/es\/wp-json\/wp\/v2\/comments?post=2907"}],"version-history":[{"count":0,"href":"https:\/\/ultrasuoni.it\/es\/wp-json\/wp\/v2\/pages\/2907\/revisions"}],"up":[{"embeddable":true,"href":"https:\/\/ultrasuoni.it\/es\/wp-json\/wp\/v2\/pages\/2884"}],"wp:attachment":[{"href":"https:\/\/ultrasuoni.it\/es\/wp-json\/wp\/v2\/media?parent=2907"}],"curies":[{"name":"wp","href":"https:\/\/api.w.org\/{rel}","templated":true}]}}